{"id":71,"date":"2016-05-05T15:48:58","date_gmt":"2016-05-05T12:48:58","guid":{"rendered":"http:\/\/nuppineula.com\/?page_id=71"},"modified":"2019-02-13T20:56:28","modified_gmt":"2019-02-13T18:56:28","slug":"behov-av-mobelkladsel","status":"publish","type":"page","link":"https:\/\/nuppineula.com\/index.php\/behov-av-mobelkladsel\/","title":{"rendered":"V\u00e4lkommen till Tapetserarverkstad Nuppineula!"},"content":{"rendered":"<p>Jag utf\u00f6r omkl\u00e4dsel av alla slags m\u00f6bler\u00a0f\u00f6r b\u00e5de\u00a0privata och offentliga milj\u00f6er. Jag bekl\u00e4r ocks\u00e5 b\u00e5t- och husvagnsdynor\u00a0och\u00a0tillverkar dynor och gardiner.\u00a0Hos mig\u00a0hittar ni m\u00e5nga h\u00e4rliga m\u00f6beltyger som kan best\u00e4llas just \u00e5t Er!<\/p>\n<p>Om\u00a0ni har behov av tapetsering\u00a0vill jag\u00a0g\u00e4rna hj\u00e4lpa. Jag betj\u00e4nar er naturligtvis p\u00e5 svenska.<\/p>\n<p><a href=\"http:\/\/nuppineula.com\/index.php\/yhteystiedot\/\">Kontakta oss<\/a> eller ring g\u00e4rna 050 575 4075<\/p>\n","protected":false},"excerpt":{"rendered":"<p>Jag utf\u00f6r omkl\u00e4dsel av alla slags m\u00f6bler\u00a0f\u00f6r b\u00e5de\u00a0privata och offentliga milj\u00f6er. Jag bekl\u00e4r ocks\u00e5 b\u00e5t- och husvagnsdynor\u00a0och\u00a0tillverkar dynor och gardiner.\u00a0Hos mig\u00a0hittar ni m\u00e5nga h\u00e4rliga m\u00f6beltyger som kan best\u00e4llas just \u00e5t Er! Om\u00a0ni har behov av tapetsering\u00a0vill jag\u00a0g\u00e4rna hj\u00e4lpa. Jag betj\u00e4nar er naturligtvis p\u00e5 svenska. Kontakta oss eller ring g\u00e4rna 050 575 4075<\/p>\n","protected":false},"author":1,"featured_media":0,"parent":0,"menu_order":0,"comment_status":"closed","ping_status":"closed","template":"full-width.php","meta":{"footnotes":""},"class_list":["post-71","page","type-page","status-publish","hentry"],"yoast_head":"<!-- This site is optimized with the Yoast SEO plugin v26.9 - https:\/\/yoast.com\/product\/yoast-seo-wordpress\/ -->\n<title>V\u00e4lkommen till Tapetserarverkstad Nuppineula! - Verhoomo Nuppineula<\/title>\n<meta name=\"robots\" content=\"index, follow, max-snippet:-1, max-image-preview:large, max-video-preview:-1\" \/>\n<link rel=\"canonical\" href=\"https:\/\/nuppineula.com\/index.php\/behov-av-mobelkladsel\/\" \/>\n<meta property=\"og:locale\" content=\"en_US\" \/>\n<meta property=\"og:type\" content=\"article\" \/>\n<meta property=\"og:title\" content=\"V\u00e4lkommen till Tapetserarverkstad Nuppineula! - Verhoomo Nuppineula\" \/>\n<meta property=\"og:description\" content=\"Jag utf\u00f6r omkl\u00e4dsel av alla slags m\u00f6bler\u00a0f\u00f6r b\u00e5de\u00a0privata och offentliga milj\u00f6er. Jag bekl\u00e4r ocks\u00e5 b\u00e5t- och husvagnsdynor\u00a0och\u00a0tillverkar dynor och gardiner.\u00a0Hos mig\u00a0hittar ni m\u00e5nga h\u00e4rliga m\u00f6beltyger som kan best\u00e4llas just \u00e5t Er! Om\u00a0ni har behov av tapetsering\u00a0vill jag\u00a0g\u00e4rna hj\u00e4lpa. Jag betj\u00e4nar er naturligtvis p\u00e5 svenska. Kontakta oss eller ring g\u00e4rna 050 575 4075\" \/>\n<meta property=\"og:url\" content=\"https:\/\/nuppineula.com\/index.php\/behov-av-mobelkladsel\/\" \/>\n<meta property=\"og:site_name\" content=\"Verhoomo Nuppineula\" \/>\n<meta property=\"article:publisher\" content=\"https:\/\/www.facebook.com\/nuppineula\/\" \/>\n<meta property=\"article:modified_time\" content=\"2019-02-13T18:56:28+00:00\" \/>\n<meta name=\"twitter:card\" content=\"summary_large_image\" \/>\n<script type=\"application\/ld+json\" class=\"yoast-schema-graph\">{\"@context\":\"https:\/\/schema.org\",\"@graph\":[{\"@type\":\"WebPage\",\"@id\":\"https:\/\/nuppineula.com\/index.php\/behov-av-mobelkladsel\/\",\"url\":\"https:\/\/nuppineula.com\/index.php\/behov-av-mobelkladsel\/\",\"name\":\"V\u00e4lkommen till Tapetserarverkstad Nuppineula! - Verhoomo Nuppineula\",\"isPartOf\":{\"@id\":\"https:\/\/nuppineula.com\/#website\"},\"datePublished\":\"2016-05-05T12:48:58+00:00\",\"dateModified\":\"2019-02-13T18:56:28+00:00\",\"breadcrumb\":{\"@id\":\"https:\/\/nuppineula.com\/index.php\/behov-av-mobelkladsel\/#breadcrumb\"},\"inLanguage\":\"en-US\",\"potentialAction\":[{\"@type\":\"ReadAction\",\"target\":[\"https:\/\/nuppineula.com\/index.php\/behov-av-mobelkladsel\/\"]}]},{\"@type\":\"BreadcrumbList\",\"@id\":\"https:\/\/nuppineula.com\/index.php\/behov-av-mobelkladsel\/#breadcrumb\",\"itemListElement\":[{\"@type\":\"ListItem\",\"position\":1,\"name\":\"Home\",\"item\":\"https:\/\/nuppineula.com\/\"},{\"@type\":\"ListItem\",\"position\":2,\"name\":\"V\u00e4lkommen till Tapetserarverkstad Nuppineula!\"}]},{\"@type\":\"WebSite\",\"@id\":\"https:\/\/nuppineula.com\/#website\",\"url\":\"https:\/\/nuppineula.com\/\",\"name\":\"Verhoomo Nuppineula\",\"description\":\"Huonekalujen verhoilua Tuusulassa\",\"publisher\":{\"@id\":\"https:\/\/nuppineula.com\/#organization\"},\"potentialAction\":[{\"@type\":\"SearchAction\",\"target\":{\"@type\":\"EntryPoint\",\"urlTemplate\":\"https:\/\/nuppineula.com\/?s={search_term_string}\"},\"query-input\":{\"@type\":\"PropertyValueSpecification\",\"valueRequired\":true,\"valueName\":\"search_term_string\"}}],\"inLanguage\":\"en-US\"},{\"@type\":\"Organization\",\"@id\":\"https:\/\/nuppineula.com\/#organization\",\"name\":\"Verhoomo Nuppineula\",\"url\":\"https:\/\/nuppineula.com\/\",\"logo\":{\"@type\":\"ImageObject\",\"inLanguage\":\"en-US\",\"@id\":\"https:\/\/nuppineula.com\/#\/schema\/logo\/image\/\",\"url\":\"https:\/\/nuppineula.com\/wp-content\/uploads\/2016\/05\/Nuppineula_logo_l\u00e4pin_pieni.png\",\"contentUrl\":\"https:\/\/nuppineula.com\/wp-content\/uploads\/2016\/05\/Nuppineula_logo_l\u00e4pin_pieni.png\",\"width\":444,\"height\":165,\"caption\":\"Verhoomo Nuppineula\"},\"image\":{\"@id\":\"https:\/\/nuppineula.com\/#\/schema\/logo\/image\/\"},\"sameAs\":[\"https:\/\/www.facebook.com\/nuppineula\/\",\"https:\/\/www.instagram.com\/verhoomonuppineula\/\",\"https:\/\/www.youtube.com\/channel\/UClSkrtSAiwC59H_waNJ5mcw\"]}]}<\/script>\n<!-- \/ Yoast SEO plugin. -->","yoast_head_json":{"title":"V\u00e4lkommen till Tapetserarverkstad Nuppineula! - Verhoomo Nuppineula","robots":{"index":"index","follow":"follow","max-snippet":"max-snippet:-1","max-image-preview":"max-image-preview:large","max-video-preview":"max-video-preview:-1"},"canonical":"https:\/\/nuppineula.com\/index.php\/behov-av-mobelkladsel\/","og_locale":"en_US","og_type":"article","og_title":"V\u00e4lkommen till Tapetserarverkstad Nuppineula! - Verhoomo Nuppineula","og_description":"Jag utf\u00f6r omkl\u00e4dsel av alla slags m\u00f6bler\u00a0f\u00f6r b\u00e5de\u00a0privata och offentliga milj\u00f6er. Jag bekl\u00e4r ocks\u00e5 b\u00e5t- och husvagnsdynor\u00a0och\u00a0tillverkar dynor och gardiner.\u00a0Hos mig\u00a0hittar ni m\u00e5nga h\u00e4rliga m\u00f6beltyger som kan best\u00e4llas just \u00e5t Er! Om\u00a0ni har behov av tapetsering\u00a0vill jag\u00a0g\u00e4rna hj\u00e4lpa. Jag betj\u00e4nar er naturligtvis p\u00e5 svenska. Kontakta oss eller ring g\u00e4rna 050 575 4075","og_url":"https:\/\/nuppineula.com\/index.php\/behov-av-mobelkladsel\/","og_site_name":"Verhoomo Nuppineula","article_publisher":"https:\/\/www.facebook.com\/nuppineula\/","article_modified_time":"2019-02-13T18:56:28+00:00","twitter_card":"summary_large_image","schema":{"@context":"https:\/\/schema.org","@graph":[{"@type":"WebPage","@id":"https:\/\/nuppineula.com\/index.php\/behov-av-mobelkladsel\/","url":"https:\/\/nuppineula.com\/index.php\/behov-av-mobelkladsel\/","name":"V\u00e4lkommen till Tapetserarverkstad Nuppineula! - Verhoomo Nuppineula","isPartOf":{"@id":"https:\/\/nuppineula.com\/#website"},"datePublished":"2016-05-05T12:48:58+00:00","dateModified":"2019-02-13T18:56:28+00:00","breadcrumb":{"@id":"https:\/\/nuppineula.com\/index.php\/behov-av-mobelkladsel\/#breadcrumb"},"inLanguage":"en-US","potentialAction":[{"@type":"ReadAction","target":["https:\/\/nuppineula.com\/index.php\/behov-av-mobelkladsel\/"]}]},{"@type":"BreadcrumbList","@id":"https:\/\/nuppineula.com\/index.php\/behov-av-mobelkladsel\/#breadcrumb","itemListElement":[{"@type":"ListItem","position":1,"name":"Home","item":"https:\/\/nuppineula.com\/"},{"@type":"ListItem","position":2,"name":"V\u00e4lkommen till Tapetserarverkstad Nuppineula!"}]},{"@type":"WebSite","@id":"https:\/\/nuppineula.com\/#website","url":"https:\/\/nuppineula.com\/","name":"Verhoomo Nuppineula","description":"Huonekalujen verhoilua Tuusulassa","publisher":{"@id":"https:\/\/nuppineula.com\/#organization"},"potentialAction":[{"@type":"SearchAction","target":{"@type":"EntryPoint","urlTemplate":"https:\/\/nuppineula.com\/?s={search_term_string}"},"query-input":{"@type":"PropertyValueSpecification","valueRequired":true,"valueName":"search_term_string"}}],"inLanguage":"en-US"},{"@type":"Organization","@id":"https:\/\/nuppineula.com\/#organization","name":"Verhoomo Nuppineula","url":"https:\/\/nuppineula.com\/","logo":{"@type":"ImageObject","inLanguage":"en-US","@id":"https:\/\/nuppineula.com\/#\/schema\/logo\/image\/","url":"https:\/\/nuppineula.com\/wp-content\/uploads\/2016\/05\/Nuppineula_logo_l\u00e4pin_pieni.png","contentUrl":"https:\/\/nuppineula.com\/wp-content\/uploads\/2016\/05\/Nuppineula_logo_l\u00e4pin_pieni.png","width":444,"height":165,"caption":"Verhoomo Nuppineula"},"image":{"@id":"https:\/\/nuppineula.com\/#\/schema\/logo\/image\/"},"sameAs":["https:\/\/www.facebook.com\/nuppineula\/","https:\/\/www.instagram.com\/verhoomonuppineula\/","https:\/\/www.youtube.com\/channel\/UClSkrtSAiwC59H_waNJ5mcw"]}]}},"_links":{"self":[{"href":"https:\/\/nuppineula.com\/index.php\/wp-json\/wp\/v2\/pages\/71","targetHints":{"allow":["GET"]}}],"collection":[{"href":"https:\/\/nuppineula.com\/index.php\/wp-json\/wp\/v2\/pages"}],"about":[{"href":"https:\/\/nuppineula.com\/index.php\/wp-json\/wp\/v2\/types\/page"}],"author":[{"embeddable":true,"href":"https:\/\/nuppineula.com\/index.php\/wp-json\/wp\/v2\/users\/1"}],"replies":[{"embeddable":true,"href":"https:\/\/nuppineula.com\/index.php\/wp-json\/wp\/v2\/comments?post=71"}],"version-history":[{"count":23,"href":"https:\/\/nuppineula.com\/index.php\/wp-json\/wp\/v2\/pages\/71\/revisions"}],"predecessor-version":[{"id":375,"href":"https:\/\/nuppineula.com\/index.php\/wp-json\/wp\/v2\/pages\/71\/revisions\/375"}],"wp:attachment":[{"href":"https:\/\/nuppineula.com\/index.php\/wp-json\/wp\/v2\/media?parent=71"}],"curies":[{"name":"wp","href":"https:\/\/api.w.org\/{rel}","templated":true}]}}